{"id":11,"date":"2023-09-30T14:29:08","date_gmt":"2023-09-30T12:29:08","guid":{"rendered":"https:\/\/test-portfolio.jerome-carriere.fr\/?page_id=11"},"modified":"2023-10-06T15:15:38","modified_gmt":"2023-10-06T13:15:38","slug":"services","status":"publish","type":"page","link":"https:\/\/test-portfolio.jerome-carriere.fr\/index.php\/services\/","title":{"rendered":"Services"},"content":{"rendered":"<p>[et_pb_section fb_built=&#8221;1&#8243; custom_padding_last_edited=&#8221;on|tablet&#8221; admin_label=&#8221;Header&#8221; _builder_version=&#8221;4.18.0&#8243; _module_preset=&#8221;default&#8221; use_background_color_gradient=&#8221;on&#8221; background_color_gradient_stops=&#8221;rgba(0,0,0,0) 0%|#000000 86%&#8221; background_color_gradient_overlays_image=&#8221;on&#8221; background_image=&#8221;http:\/\/test-portfolio.jerome-carriere.fr\/wp-content\/uploads\/2023\/09\/web-developer-4.jpg&#8221; custom_padding=&#8221;9.7%||||false|false&#8221; custom_padding_tablet=&#8221;60px||||false|false&#8221; custom_padding_phone=&#8221;60px||||false|false&#8221; locked=&#8221;off&#8221; collapsed=&#8221;on&#8221; global_colors_info=&#8221;{}&#8221;][et_pb_row _builder_version=&#8221;4.18.0&#8243; _module_preset=&#8221;default&#8221; max_width=&#8221;700px&#8221; global_colors_info=&#8221;{}&#8221;][et_pb_column type=&#8221;4_4&#8243; _builder_version=&#8221;4.18.0&#8243; _module_preset=&#8221;default&#8221; global_colors_info=&#8221;{}&#8221;][et_pb_text _builder_version=&#8221;4.18.0&#8243; _module_preset=&#8221;c16985e1-e0d6-4022-964d-e2bfc04fa633&#8243; header_font=&#8221;Roboto|700|||||||&#8221; header_text_color=&#8221;gcid-6171fd24-b893-4d22-843a-f4129850a5c1&#8243; header_font_size=&#8221;75px&#8221; header_line_height=&#8221;1.2em&#8221; text_orientation=&#8221;center&#8221; header_font_size_tablet=&#8221;40px&#8221; header_font_size_phone=&#8221;24px&#8221; header_font_size_last_edited=&#8221;on|desktop&#8221; global_colors_info=&#8221;{%22gcid-6171fd24-b893-4d22-843a-f4129850a5c1%22:%91%22header_text_color%22%93}&#8221;]<\/p>\n<h1>Services<\/h1>\n<p>[\/et_pb_text][et_pb_divider color=&#8221;gcid-6171fd24-b893-4d22-843a-f4129850a5c1&#8243; divider_weight=&#8221;4px&#8221; _builder_version=&#8221;4.18.0&#8243; _module_preset=&#8221;default&#8221; max_width=&#8221;300px&#8221; module_alignment=&#8221;center&#8221; global_colors_info=&#8221;{%22gcid-6171fd24-b893-4d22-843a-f4129850a5c1%22:%91%22color%22%93}&#8221;][\/et_pb_divider][et_pb_button button_url=&#8221;https:\/\/test-portfolio.jerome-carriere.fr\/index.php\/contact\/&#8221; button_text=&#8221;me contacter&#8221; _builder_version=&#8221;4.22.2&#8243; _module_preset=&#8221;31b4f027-aaa0-4f2f-ae02-959764e19e4f&#8221; global_colors_info=&#8221;{}&#8221;][\/et_pb_button][\/et_pb_column][\/et_pb_row][\/et_pb_section][et_pb_section fb_built=&#8221;1&#8243; admin_label=&#8221;Project&#8221; _builder_version=&#8221;4.18.0&#8243; _module_preset=&#8221;default&#8221; background_color=&#8221;gcid-2cf18f4b-ad1d-4daf-a40a-75be4919065f&#8221; collapsed=&#8221;on&#8221; global_colors_info=&#8221;{%22gcid-2cf18f4b-ad1d-4daf-a40a-75be4919065f%22:%91%22background_color%22%93}&#8221;][et_pb_row _builder_version=&#8221;4.18.0&#8243; _module_preset=&#8221;default&#8221; custom_padding=&#8221;||0px||false|false&#8221; global_colors_info=&#8221;{}&#8221;][et_pb_column type=&#8221;4_4&#8243; _builder_version=&#8221;4.18.0&#8243; _module_preset=&#8221;default&#8221; global_colors_info=&#8221;{}&#8221;][et_pb_image src=&#8221;http:\/\/test-portfolio.jerome-carriere.fr\/wp-content\/uploads\/2023\/09\/webdev-07-1.jpg&#8221; title_text=&#8221;webdev-07&#8243; _builder_version=&#8221;4.18.0&#8243; _module_preset=&#8221;default&#8221; global_colors_info=&#8221;{}&#8221;][\/et_pb_image][\/et_pb_column][\/et_pb_row][et_pb_row column_structure=&#8221;1_2,1_2&#8243; custom_padding_last_edited=&#8221;on|desktop&#8221; _builder_version=&#8221;4.18.0&#8243; _module_preset=&#8221;default&#8221; background_color=&#8221;gcid-55e89f59-bdfa-4c7c-a24f-b278f03ffe74&#8243; custom_padding=&#8221;60px|60px|60px|60px|true|true&#8221; custom_padding_tablet=&#8221;30px|30px|30px|30px|true|true&#8221; custom_padding_phone=&#8221;20px|20px|20px|20px|true|true&#8221; global_colors_info=&#8221;{%22gcid-55e89f59-bdfa-4c7c-a24f-b278f03ffe74%22:%91%22background_color%22%93}&#8221;][et_pb_column type=&#8221;1_2&#8243; _builder_version=&#8221;4.18.0&#8243; _module_preset=&#8221;default&#8221; global_colors_info=&#8221;{}&#8221;][et_pb_text _builder_version=&#8221;4.22.2&#8243; _module_preset=&#8221;e6504a1b-67eb-4b3d-b023-bcab277610b6&#8243; header_4_font=&#8221;Archivo|700||on|||||&#8221; header_4_text_color=&#8221;#ECC600&#8243; header_4_font_size=&#8221;14px&#8221; header_4_letter_spacing=&#8221;1px&#8221; header_4_line_height=&#8221;1.5em&#8221; custom_margin=&#8221;||0px||false|false&#8221; global_colors_info=&#8221;{}&#8221;]<\/p>\n<h4>mon objectif<\/h4>\n<p>[\/et_pb_text][et_pb_text _builder_version=&#8221;4.18.0&#8243; _module_preset=&#8221;b327cbe4-b1d5-4b66-ad37-40c8f2f061ba&#8221; header_2_font=&#8221;Roboto|700|||||||&#8221; header_2_text_color=&#8221;gcid-1adb0c48-e943-4be8-b747-83127bdbd76c&#8221; header_2_font_size=&#8221;48px&#8221; header_2_line_height=&#8221;1.2em&#8221; header_2_font_size_tablet=&#8221;32px&#8221; header_2_font_size_phone=&#8221;20px&#8221; header_2_font_size_last_edited=&#8221;on|desktop&#8221; global_colors_info=&#8221;{%22gcid-1adb0c48-e943-4be8-b747-83127bdbd76c%22:%91%22header_2_text_color%22%93}&#8221;]<\/p>\n<h2>Vous satisfaire a 100% !<\/h2>\n<p>[\/et_pb_text][\/et_pb_column][et_pb_column type=&#8221;1_2&#8243; _builder_version=&#8221;4.18.0&#8243; _module_preset=&#8221;default&#8221; global_colors_info=&#8221;{}&#8221;][et_pb_divider color=&#8221;gcid-6171fd24-b893-4d22-843a-f4129850a5c1&#8243; divider_weight=&#8221;4px&#8221; _builder_version=&#8221;4.18.0&#8243; _module_preset=&#8221;default&#8221; max_width=&#8221;200px&#8221; locked=&#8221;off&#8221; global_colors_info=&#8221;{%22gcid-6171fd24-b893-4d22-843a-f4129850a5c1%22:%91%22color%22%93}&#8221;][\/et_pb_divider][et_pb_text _builder_version=&#8221;4.22.2&#8243; _module_preset=&#8221;1f09816e-184e-4ce5-a4cf-b39c52c423ca&#8221; text_font=&#8221;Archivo||||||||&#8221; text_text_color=&#8221;gcid-1adb0c48-e943-4be8-b747-83127bdbd76c&#8221; text_font_size=&#8221;21px&#8221; text_line_height=&#8221;1.6em&#8221; text_font_size_tablet=&#8221;15px&#8221; text_font_size_phone=&#8221;14px&#8221; text_font_size_last_edited=&#8221;on|phone&#8221; header_font_size_tablet=&#8221;55px&#8221; header_font_size_last_edited=&#8221;off|desktop&#8221; global_colors_info=&#8221;{%22gcid-1adb0c48-e943-4be8-b747-83127bdbd76c%22:%91%22text_text_color%22%93}&#8221;]<\/p>\n<p>Je mets un point d&#8217;honneur a toujours faire en sorte que vous soyez pleinement satisfait lors de la livraison du site.<\/p>\n<p>[\/et_pb_text][\/et_pb_column][\/et_pb_row][et_pb_row column_structure=&#8221;1_4,1_4,1_4,1_4&#8243; custom_padding_last_edited=&#8221;on|desktop&#8221; admin_label=&#8221;Ligne&#8221; _builder_version=&#8221;4.22.2&#8243; _module_preset=&#8221;default&#8221; background_color=&#8221;gcid-55e89f59-bdfa-4c7c-a24f-b278f03ffe74&#8243; custom_padding=&#8221;60px|60px|60px|60px|true|true&#8221; custom_padding_tablet=&#8221;30px|30px|30px|30px|true|true&#8221; custom_padding_phone=&#8221;20px|20px|20px|20px|true|true&#8221; global_colors_info=&#8221;{%22gcid-55e89f59-bdfa-4c7c-a24f-b278f03ffe74%22:%91%22background_color%22%93}&#8221;][et_pb_column type=&#8221;1_4&#8243; _builder_version=&#8221;4.18.0&#8243; _module_preset=&#8221;default&#8221; global_colors_info=&#8221;{}&#8221;][et_pb_text _builder_version=&#8221;4.22.2&#8243; _module_preset=&#8221;64599ba5-eb7d-4ee0-85a7-6565874456c5&#8243; header_font_size=&#8221;27px&#8221; header_2_font=&#8221;|600|||||||&#8221; header_2_text_color=&#8221;#ECC600&#8243; header_2_font_size=&#8221;20px&#8221; header_5_font=&#8221;Roboto|700|||||||&#8221; header_5_text_color=&#8221;#FFFFFF&#8221; custom_margin=&#8221;||0px||false|false&#8221; header_5_font_size_tablet=&#8221;16px&#8221; header_5_font_size_phone=&#8221;15px&#8221; header_5_font_size_last_edited=&#8221;on|desktop&#8221; locked=&#8221;off&#8221; global_colors_info=&#8221;{}&#8221;]<\/p>\n<h2>Dans un 1er temps<\/h2>\n<p>[\/et_pb_text][et_pb_text _builder_version=&#8221;4.22.2&#8243; _module_preset=&#8221;4c43b4b6-66bf-432d-959a-705bda24a650&#8243; text_font=&#8221;Archivo||||||||&#8221; text_text_color=&#8221;#FFFFFF&#8221; text_font_size=&#8221;16px&#8221; text_line_height=&#8221;1.6em&#8221; header_font_size_tablet=&#8221;55px&#8221; header_font_size_last_edited=&#8221;off|desktop&#8221; locked=&#8221;off&#8221; global_colors_info=&#8221;{}&#8221;]<\/p>\n<p><span>Discutons ensemble de votre projet, de vos besoins et de la vision que vous avez de votre site.<\/span><\/p>\n<p>[\/et_pb_text][\/et_pb_column][et_pb_column type=&#8221;1_4&#8243; _builder_version=&#8221;4.18.0&#8243; _module_preset=&#8221;default&#8221; global_colors_info=&#8221;{}&#8221;][et_pb_text _builder_version=&#8221;4.22.2&#8243; _module_preset=&#8221;64599ba5-eb7d-4ee0-85a7-6565874456c5&#8243; header_font_size=&#8221;27px&#8221; header_2_font=&#8221;|600|||||||&#8221; header_2_text_color=&#8221;#ECC600&#8243; header_2_font_size=&#8221;20px&#8221; header_5_font=&#8221;Roboto|700|||||||&#8221; header_5_text_color=&#8221;#FFFFFF&#8221; custom_margin=&#8221;||0px||false|false&#8221; header_5_font_size_tablet=&#8221;16px&#8221; header_5_font_size_phone=&#8221;15px&#8221; header_5_font_size_last_edited=&#8221;on|desktop&#8221; locked=&#8221;off&#8221; global_colors_info=&#8221;{}&#8221;]<\/p>\n<h2 class=\"elementor-heading-title elementor-size-default\">Une fois d&#8217;accord<\/h2>\n<p>[\/et_pb_text][et_pb_text _builder_version=&#8221;4.22.2&#8243; _module_preset=&#8221;4c43b4b6-66bf-432d-959a-705bda24a650&#8243; text_font=&#8221;Archivo||||||||&#8221; text_text_color=&#8221;#FFFFFF&#8221; text_font_size=&#8221;16px&#8221; text_line_height=&#8221;1.6em&#8221; locked=&#8221;off&#8221; global_colors_info=&#8221;{}&#8221;]<\/p>\n<p><span>Je vous propose un devis, vous explique avec quels outils je travaille et pourquoi.<\/span><\/p>\n<p>[\/et_pb_text][\/et_pb_column][et_pb_column type=&#8221;1_4&#8243; _builder_version=&#8221;4.18.0&#8243; _module_preset=&#8221;default&#8221; global_colors_info=&#8221;{}&#8221;][et_pb_text _builder_version=&#8221;4.22.2&#8243; _module_preset=&#8221;64599ba5-eb7d-4ee0-85a7-6565874456c5&#8243; header_font_size=&#8221;27px&#8221; header_2_font=&#8221;|600|||||||&#8221; header_2_text_color=&#8221;#ECC600&#8243; header_2_font_size=&#8221;20px&#8221; header_5_font=&#8221;Roboto|700|||||||&#8221; header_5_text_color=&#8221;#FFFFFF&#8221; custom_margin=&#8221;||0px||false|false&#8221; header_5_font_size_tablet=&#8221;16px&#8221; header_5_font_size_phone=&#8221;15px&#8221; header_5_font_size_last_edited=&#8221;on|desktop&#8221; locked=&#8221;off&#8221; global_colors_info=&#8221;{}&#8221;]<\/p>\n<h2 class=\"elementor-heading-title elementor-size-default\">Le d\u00e9veloppement<\/h2>\n<p>[\/et_pb_text][et_pb_text _builder_version=&#8221;4.22.2&#8243; _module_preset=&#8221;4c43b4b6-66bf-432d-959a-705bda24a650&#8243; text_font=&#8221;Archivo||||||||&#8221; text_text_color=&#8221;#FFFFFF&#8221; text_font_size=&#8221;16px&#8221; text_line_height=&#8221;1.6em&#8221; locked=&#8221;off&#8221; global_colors_info=&#8221;{}&#8221;]<\/p>\n<p><span>Quand le devis est accept\u00e9, je commence la r\u00e9alisation tout en vous tenant a jour de l\u2019avancement<\/span><\/p>\n<p>[\/et_pb_text][\/et_pb_column][et_pb_column type=&#8221;1_4&#8243; _builder_version=&#8221;4.18.0&#8243; _module_preset=&#8221;default&#8221; global_colors_info=&#8221;{}&#8221;][et_pb_text _builder_version=&#8221;4.22.2&#8243; _module_preset=&#8221;64599ba5-eb7d-4ee0-85a7-6565874456c5&#8243; header_font_size=&#8221;27px&#8221; header_2_font=&#8221;|600|||||||&#8221; header_2_text_color=&#8221;#ECC600&#8243; header_2_font_size=&#8221;20px&#8221; header_5_font=&#8221;Roboto|700|||||||&#8221; header_5_text_color=&#8221;#FFFFFF&#8221; custom_margin=&#8221;||0px||false|false&#8221; header_5_font_size_tablet=&#8221;16px&#8221; header_5_font_size_phone=&#8221;15px&#8221; header_5_font_size_last_edited=&#8221;on|desktop&#8221; locked=&#8221;off&#8221; global_colors_info=&#8221;{}&#8221;]<\/p>\n<h2 class=\"elementor-heading-title elementor-size-default\">100% sastisfait<\/h2>\n<p>[\/et_pb_text][et_pb_text _builder_version=&#8221;4.22.2&#8243; _module_preset=&#8221;4c43b4b6-66bf-432d-959a-705bda24a650&#8243; text_font=&#8221;Archivo||||||||&#8221; text_text_color=&#8221;#FFFFFF&#8221; text_font_size=&#8221;16px&#8221; text_line_height=&#8221;1.6em&#8221; locked=&#8221;off&#8221; global_colors_info=&#8221;{}&#8221;]<\/p>\n<p><span>Ca y est le site est termin\u00e9, les premiers visiteurs ou consommateur arrivent !<\/span><\/p>\n<p>[\/et_pb_text][\/et_pb_column][\/et_pb_row][\/et_pb_section][et_pb_section fb_built=&#8221;1&#8243; admin_label=&#8221;Cast Study&#8221; _builder_version=&#8221;4.22.2&#8243; _module_preset=&#8221;default&#8221; background_color=&#8221;#064789&#8243; custom_margin=&#8221;|0px||0px|false|false&#8221; custom_padding=&#8221;|0px||0px|false|false&#8221; collapsed=&#8221;on&#8221; global_colors_info=&#8221;{}&#8221;][et_pb_row use_custom_gutter=&#8221;on&#8221; make_equal=&#8221;on&#8221; _builder_version=&#8221;4.22.2&#8243; _module_preset=&#8221;default&#8221; width=&#8221;100%&#8221; max_width=&#8221;1300px&#8221; module_alignment=&#8221;center&#8221; height=&#8221;846px&#8221; custom_margin=&#8221;|auto|40px|auto|false|false&#8221; custom_padding=&#8221;|153px|0px||false|false&#8221; hover_enabled=&#8221;0&#8243; custom_css_main_element=&#8221;display : flex!important;||flex-direction : column!important;&#8221; global_colors_info=&#8221;{}&#8221; custom_css_main_element_last_edited=&#8221;on|tablet&#8221; custom_css_main_element_tablet=&#8221;display : flex!important;||flex-direction : column!important;&#8221; custom_css_main_element_phone=&#8221;display : flex!important;||flex-direction : column!important;&#8221; sticky_enabled=&#8221;0&#8243;][et_pb_column type=&#8221;4_4&#8243; _builder_version=&#8221;4.22.2&#8243; _module_preset=&#8221;default&#8221; global_colors_info=&#8221;{}&#8221;][et_pb_pricing_tables featured_table_header_background_color=&#8221;#ECC600&#8243; _builder_version=&#8221;4.22.2&#8243; _module_preset=&#8221;default&#8221; button_alignment=&#8221;center&#8221; button_custom_margin=&#8221;||||false|false&#8221; button_custom_padding=&#8221;||||false|false&#8221; custom_margin=&#8221;0px||||false|false&#8221; custom_padding=&#8221;||||false|false&#8221; link_option_url=&#8221;https:\/\/test-portfolio.jerome-carriere.fr\/index.php\/contact\/&#8221; global_colors_info=&#8221;{}&#8221;][et_pb_pricing_table title=&#8221;Site vitrine standard&#8221; sum=&#8221;A partir de 800\u20ac&#8221; button_url=&#8221;https:\/\/test-portfolio.jerome-carriere.fr\/index.php\/contact\/&#8221; button_text=&#8221;DEMANDER UN DEVIS&#8221; bullet_color=&#8221;#000000&#8243; header_background_color=&#8221;#ECC600&#8243; _builder_version=&#8221;4.22.2&#8243; _module_preset=&#8221;default&#8221; price_text_color=&#8221;#000000&#8243; header_font=&#8221;|600|||||||&#8221; header_text_color=&#8221;#000000&#8243; header_line_height=&#8221;2em&#8221; body_text_color=&#8221;#000000&#8243; body_font_size=&#8221;18px&#8221; price_font=&#8221;|600|||||||&#8221; price_font_size=&#8221;40px&#8221; custom_button=&#8221;on&#8221; button_text_color=&#8221;#000000&#8243; button_bg_color=&#8221;#ECC600&#8243; button_border_width=&#8221;0px&#8221; custom_css_main_element=&#8221;height : 780px;&#8221; global_colors_info=&#8221;{}&#8221; sticky_transition=&#8221;on&#8221;]<\/p>\n<p>Configuration h\u00e9bergement + domaine<\/p>\n<p>4 pages<\/p>\n<p>Design standard<\/p>\n<p>Responsive design<\/p>\n<p>Plugins<\/p>\n<p>RGPD<\/p>\n<p>[\/et_pb_pricing_table][et_pb_pricing_table featured=&#8221;on&#8221; title=&#8221;Site vitrine personnalis\u00e9&#8221; sum=&#8221;A partir de 1200\u20ac&#8221; button_url=&#8221;https:\/\/test-portfolio.jerome-carriere.fr\/index.php\/contact\/&#8221; button_text=&#8221;DEMANDER UN DEVIS&#8221; bullet_color=&#8221;#000000&#8243; header_background_color=&#8221;#ECC600&#8243; _builder_version=&#8221;4.22.2&#8243; _module_preset=&#8221;default&#8221; price_text_color=&#8221;#000000&#8243; header_font=&#8221;|600|||||||&#8221; header_text_color=&#8221;#000000&#8243; header_line_height=&#8221;2em&#8221; body_text_color=&#8221;#000000&#8243; body_font_size=&#8221;18px&#8221; price_font=&#8221;|600|||||||&#8221; price_font_size=&#8221;40px&#8221; custom_button=&#8221;on&#8221; button_text_color=&#8221;#000000&#8243; button_bg_color=&#8221;#ECC600&#8243; button_border_width=&#8221;0px&#8221; custom_css_main_element=&#8221;height : 780px;&#8221; global_colors_info=&#8221;{}&#8221; sticky_transition=&#8221;on&#8221;]<\/p>\n<p>Configuration h\u00e9bergement + domaine<\/p>\n<p>5 pages<\/p>\n<p>Design personnalis\u00e9<\/p>\n<p>Responsive design<\/p>\n<p>Plugins<\/p>\n<p>RGPD<\/p>\n<p>Formation prise en main du site<\/p>\n<p>[\/et_pb_pricing_table][et_pb_pricing_table title=&#8221;Site e-commerce&#8221; sum=&#8221;A partir de 2000\u20ac&#8221; button_url=&#8221;https:\/\/test-portfolio.jerome-carriere.fr\/index.php\/contact\/&#8221; button_text=&#8221;DEMANDER UN DEVIS&#8221; bullet_color=&#8221;#000000&#8243; header_background_color=&#8221;#ECC600&#8243; _builder_version=&#8221;4.22.2&#8243; _module_preset=&#8221;default&#8221; price_text_color=&#8221;#000000&#8243; header_font=&#8221;|600|||||||&#8221; header_text_color=&#8221;#000000&#8243; header_line_height=&#8221;2em&#8221; body_text_color=&#8221;#000000&#8243; body_font_size=&#8221;18px&#8221; price_font=&#8221;|600|||||||&#8221; price_font_size=&#8221;40px&#8221; custom_button=&#8221;on&#8221; button_text_color=&#8221;#000000&#8243; button_bg_color=&#8221;#ECC600&#8243; button_border_width=&#8221;0px&#8221; custom_css_main_element=&#8221;height : 780px;&#8221; global_colors_info=&#8221;{}&#8221; sticky_transition=&#8221;on&#8221;]<\/p>\n<p>Configuration h\u00e9bergement + domaine<\/p>\n<p>5 pages<\/p>\n<p>20 produits<\/p>\n<p>Design personnalis\u00e9<\/p>\n<p>Responsive design<\/p>\n<p>Plugins<\/p>\n<p>RGPD<\/p>\n<p>Formation prise en main du site<\/p>\n<p>[\/et_pb_pricing_table][\/et_pb_pricing_tables][\/et_pb_column][\/et_pb_row][et_pb_row column_structure=&#8221;1_2,1_2&#8243; _builder_version=&#8221;4.22.2&#8243; _module_preset=&#8221;default&#8221; custom_margin=&#8221;40px||||false|false&#8221; global_colors_info=&#8221;{}&#8221;][et_pb_column type=&#8221;1_2&#8243; _builder_version=&#8221;4.22.2&#8243; _module_preset=&#8221;default&#8221; global_colors_info=&#8221;{}&#8221;][et_pb_pricing_tables _builder_version=&#8221;4.22.2&#8243; _module_preset=&#8221;default&#8221; link_option_url=&#8221;https:\/\/test-portfolio.jerome-carriere.fr\/index.php\/contact\/&#8221; global_colors_info=&#8221;{}&#8221;][et_pb_pricing_table title=&#8221;Pack maintenance basique&#8221; sum=&#8221;35\u20ac\/mois&#8221; button_url=&#8221;https:\/\/test-portfolio.jerome-carriere.fr\/index.php\/contact\/&#8221; button_text=&#8221;ME CONTACTER&#8221; bullet_color=&#8221;#000000&#8243; header_background_color=&#8221;#ECC600&#8243; _builder_version=&#8221;4.22.2&#8243; _module_preset=&#8221;default&#8221; price_text_color=&#8221;#000000&#8243; header_font=&#8221;|600|||||||&#8221; header_text_color=&#8221;#000000&#8243; header_line_height=&#8221;2em&#8221; body_text_color=&#8221;#000000&#8243; body_font_size=&#8221;18px&#8221; price_font=&#8221;|600|||||||&#8221; price_font_size=&#8221;40px&#8221; custom_button=&#8221;on&#8221; button_text_color=&#8221;#000000&#8243; button_bg_color=&#8221;#ECC600&#8243; button_border_width=&#8221;0px&#8221; custom_css_main_element=&#8221;height : 650px;&#8221; global_colors_info=&#8221;{}&#8221; sticky_transition=&#8221;on&#8221;]<\/p>\n<p>S\u00e9curit\u00e9<\/p>\n<p>Mise \u00e0 jour site et plugins<\/p>\n<p>Sauvegarde hebdomadaire<\/p>\n<p>Analyse antivirus quotidienne<\/p>\n<p>[\/et_pb_pricing_table][\/et_pb_pricing_tables][\/et_pb_column][et_pb_column type=&#8221;1_2&#8243; _builder_version=&#8221;4.22.2&#8243; _module_preset=&#8221;default&#8221; global_colors_info=&#8221;{}&#8221;][et_pb_pricing_tables _builder_version=&#8221;4.22.2&#8243; _module_preset=&#8221;default&#8221; link_option_url=&#8221;https:\/\/test-portfolio.jerome-carriere.fr\/index.php\/contact\/&#8221; global_colors_info=&#8221;{}&#8221;][et_pb_pricing_table title=&#8221;Pack maintenance s\u00e9r\u00e9nit\u00e9&#8221; sum=&#8221;65\u20ac\/mois&#8221; button_url=&#8221;https:\/\/test-portfolio.jerome-carriere.fr\/index.php\/contact\/&#8221; button_text=&#8221;ME CONTACTER&#8221; bullet_color=&#8221;#000000&#8243; header_background_color=&#8221;#ECC600&#8243; _builder_version=&#8221;4.22.2&#8243; _module_preset=&#8221;default&#8221; price_text_color=&#8221;#000000&#8243; header_font=&#8221;|600|||||||&#8221; header_text_color=&#8221;#000000&#8243; header_line_height=&#8221;2em&#8221; body_text_color=&#8221;#000000&#8243; body_font_size=&#8221;18px&#8221; price_font=&#8221;|600|||||||&#8221; price_font_size=&#8221;40px&#8221; custom_button=&#8221;on&#8221; button_text_color=&#8221;#000000&#8243; button_bg_color=&#8221;#ECC600&#8243; button_border_width=&#8221;0px&#8221; custom_css_main_element=&#8221;height : 650px;&#8221; global_colors_info=&#8221;{}&#8221; sticky_transition=&#8221;on&#8221;]<\/p>\n<p>Pack maintenance basique<\/p>\n<p>2h\/mois de modifications<\/p>\n<p>Alarme en ca de site hors ligne<\/p>\n<p>Restauration en cas de crash<\/p>\n<p>[\/et_pb_pricing_table][\/et_pb_pricing_tables][\/et_pb_column][\/et_pb_row][\/et_pb_section][et_pb_section fb_built=&#8221;1&#8243; admin_label=&#8221;Footer&#8221; _builder_version=&#8221;4.18.0&#8243; _module_preset=&#8221;default&#8221; background_color=&#8221;gcid-2cf18f4b-ad1d-4daf-a40a-75be4919065f&#8221; collapsed=&#8221;on&#8221; global_colors_info=&#8221;{%22gcid-2cf18f4b-ad1d-4daf-a40a-75be4919065f%22:%91%22background_color%22%93}&#8221;][et_pb_row _builder_version=&#8221;4.22.2&#8243; _module_preset=&#8221;default&#8221; global_colors_info=&#8221;{}&#8221;][et_pb_column type=&#8221;4_4&#8243; _builder_version=&#8221;4.22.2&#8243; _module_preset=&#8221;default&#8221; global_colors_info=&#8221;{}&#8221;][et_pb_gallery gallery_ids=&#8221;20203926,20203924,20203923,20203922,20203921&#8243; gallery_orderby=&#8221;rand&#8221; fullwidth=&#8221;on&#8221; _builder_version=&#8221;4.22.2&#8243; _module_preset=&#8221;default&#8221; width=&#8221;75%&#8221; max_width=&#8221;100%&#8221; module_alignment=&#8221;center&#8221; global_colors_info=&#8221;{}&#8221;][\/et_pb_gallery][\/et_pb_column][\/et_pb_row][\/et_pb_section]<\/p>\n","protected":false},"excerpt":{"rendered":"<p>Servicesmon objectifVous satisfaire a 100% !Je mets un point d&#8217;honneur a toujours faire en sorte que vous soyez pleinement satisfait lors de la livraison du site.Dans un 1er tempsDiscutons ensemble de votre projet, de vos besoins et de la vision que vous avez de votre site.Une fois d&#8217;accordJe vous propose un devis, vous explique avec [&hellip;]<\/p>\n","protected":false},"author":1,"featured_media":0,"parent":0,"menu_order":0,"comment_status":"closed","ping_status":"closed","template":"","meta":{"_et_pb_use_builder":"on","_et_pb_old_content":"<!-- wp:divi\/placeholder \/-->","_et_gb_content_width":"","footnotes":""},"_links":{"self":[{"href":"https:\/\/test-portfolio.jerome-carriere.fr\/index.php\/wp-json\/wp\/v2\/pages\/11"}],"collection":[{"href":"https:\/\/test-portfolio.jerome-carriere.fr\/index.php\/wp-json\/wp\/v2\/pages"}],"about":[{"href":"https:\/\/test-portfolio.jerome-carriere.fr\/index.php\/wp-json\/wp\/v2\/types\/page"}],"author":[{"embeddable":true,"href":"https:\/\/test-portfolio.jerome-carriere.fr\/index.php\/wp-json\/wp\/v2\/users\/1"}],"replies":[{"embeddable":true,"href":"https:\/\/test-portfolio.jerome-carriere.fr\/index.php\/wp-json\/wp\/v2\/comments?post=11"}],"version-history":[{"count":28,"href":"https:\/\/test-portfolio.jerome-carriere.fr\/index.php\/wp-json\/wp\/v2\/pages\/11\/revisions"}],"predecessor-version":[{"id":20204014,"href":"https:\/\/test-portfolio.jerome-carriere.fr\/index.php\/wp-json\/wp\/v2\/pages\/11\/revisions\/20204014"}],"wp:attachment":[{"href":"https:\/\/test-portfolio.jerome-carriere.fr\/index.php\/wp-json\/wp\/v2\/media?parent=11"}],"curies":[{"name":"wp","href":"https:\/\/api.w.org\/{rel}","templated":true}]}}